{"id":191,"date":"2024-09-26T17:52:37","date_gmt":"2024-09-26T21:52:37","guid":{"rendered":"https:\/\/comautrefois.ca\/?page_id=191"},"modified":"2024-09-26T18:43:40","modified_gmt":"2024-09-26T22:43:40","slug":"vin-blanc","status":"publish","type":"page","link":"https:\/\/comautrefois.ca\/index.php\/vin-blanc\/","title":{"rendered":"Vin blanc"},"content":{"rendered":"\t\t<div data-elementor-type=\"wp-page\" data-elementor-id=\"191\" class=\"elementor elementor-191\">\n\t\t\t\t<div class=\"elementor-element elementor-element-624aed47 e-flex e-con-boxed e-con e-parent\" data-id=\"624aed47\" data-element_type=\"container\">\n\t\t\t\t\t<div class=\"e-con-inner\">\n\t\t\t\t<div class=\"elementor-element elementor-element-14a3656 elementor-widget elementor-widget-image\" data-id=\"14a3656\" data-element_type=\"widget\" data-widget_type=\"image.default\">\n\t\t\t\t<div class=\"elementor-widget-container\">\n\t\t\t<style>\/*! elementor - v3.23.0 - 05-08-2024 *\/\n.elementor-widget-image{text-align:center}.elementor-widget-image a{display:inline-block}.elementor-widget-image a img[src$=\".svg\"]{width:48px}.elementor-widget-image img{vertical-align:middle;display:inline-block}<\/style>\t\t\t\t\t\t\t\t\t\t<img fetchpriority=\"high\" decoding=\"async\" width=\"479\" height=\"319\" src=\"https:\/\/comautrefois.ca\/wp-content\/uploads\/2024\/09\/vin-blanc-e1727390510488.jpg\" class=\"attachment-medium_large size-medium_large wp-image-254\" alt=\"\" srcset=\"https:\/\/comautrefois.ca\/wp-content\/uploads\/2024\/09\/vin-blanc-e1727390510488.jpg 479w, https:\/\/comautrefois.ca\/wp-content\/uploads\/2024\/09\/vin-blanc-e1727390510488-300x200.jpg 300w\" sizes=\"(max-width: 479px) 100vw, 479px\" \/>\t\t\t\t\t\t\t\t\t\t\t\t\t<\/div>\n\t\t\t\t<\/div>\n\t\t\t\t\t<\/div>\n\t\t\t\t<\/div>\n\t\t<div class=\"elementor-element elementor-element-14784f54 e-flex e-con-boxed e-con e-parent\" data-id=\"14784f54\" data-element_type=\"container\">\n\t\t\t\t\t<div class=\"e-con-inner\">\n\t\t\t\t<div class=\"elementor-element elementor-element-1ac14510 elementor-widget elementor-widget-heading\" data-id=\"1ac14510\" data-element_type=\"widget\" data-widget_type=\"heading.default\">\n\t\t\t\t<div class=\"elementor-widget-container\">\n\t\t\t<style>\/*! elementor - v3.23.0 - 05-08-2024 *\/\n.elementor-heading-title{padding:0;margin:0;line-height:1}.elementor-widget-heading .elementor-heading-title[class*=elementor-size-]>a{color:inherit;font-size:inherit;line-height:inherit}.elementor-widget-heading .elementor-heading-title.elementor-size-small{font-size:15px}.elementor-widget-heading .elementor-heading-title.elementor-size-medium{font-size:19px}.elementor-widget-heading .elementor-heading-title.elementor-size-large{font-size:29px}.elementor-widget-heading .elementor-heading-title.elementor-size-xl{font-size:39px}.elementor-widget-heading .elementor-heading-title.elementor-size-xxl{font-size:59px}<\/style><h2 class=\"elementor-heading-title elementor-size-default\">Vin blanc<\/h2>\t\t<\/div>\n\t\t\t\t<\/div>\n\t\t\t\t<div class=\"elementor-element elementor-element-3f64e203 elementor-widget elementor-widget-text-editor\" data-id=\"3f64e203\" data-element_type=\"widget\" data-widget_type=\"text-editor.default\">\n\t\t\t\t<div class=\"elementor-widget-container\">\n\t\t\t<style>\/*! elementor - v3.23.0 - 05-08-2024 *\/\n.elementor-widget-text-editor.elementor-drop-cap-view-stacked .elementor-drop-cap{background-color:#69727d;color:#fff}.elementor-widget-text-editor.elementor-drop-cap-view-framed .elementor-drop-cap{color:#69727d;border:3px solid;background-color:transparent}.elementor-widget-text-editor:not(.elementor-drop-cap-view-default) .elementor-drop-cap{margin-top:8px}.elementor-widget-text-editor:not(.elementor-drop-cap-view-default) .elementor-drop-cap-letter{width:1em;height:1em}.elementor-widget-text-editor .elementor-drop-cap{float:left;text-align:center;line-height:1;font-size:50px}.elementor-widget-text-editor .elementor-drop-cap-letter{display:inline-block}<\/style>\t\t\t\t<p><u>Vin blanc 2022<\/u><\/p><p>Vin blanc fruit\u00e9 et vif<\/p><p>Aromes\u00a0: Note d\u2019agrume, de fleurs blanches et de miel.<\/p><p>Taux d\u2019alcool\u00a0: 12%<\/p><p>Taux de sucre\u00a0:<strong><em> &lt;<\/em><\/strong>1 g\/L<\/p><p>Temp\u00e9rature de d\u00e9gustation\u00a0: 6 \u00e0 8 \u00b0C<\/p><p>\u00a0<\/p><p>Ce vin \u00e9quilibr\u00e9 et souple est parfait pour vos ap\u00e9ritifs<\/p>\t\t\t\t\t\t<\/div>\n\t\t\t\t<\/div>\n\t\t\t\t\t<\/div>\n\t\t\t\t<\/div>\n\t\t\t\t<\/div>\n\t\t","protected":false},"excerpt":{"rendered":"<p>Vin blanc fruit\u00e9 et vif<\/p>\n","protected":false},"author":2,"featured_media":60,"parent":0,"menu_order":0,"comment_status":"closed","ping_status":"closed","template":"","meta":{"footnotes":""},"class_list":["post-191","page","type-page","status-publish","has-post-thumbnail","hentry"],"_links":{"self":[{"href":"https:\/\/comautrefois.ca\/index.php\/wp-json\/wp\/v2\/pages\/191","targetHints":{"allow":["GET"]}}],"collection":[{"href":"https:\/\/comautrefois.ca\/index.php\/wp-json\/wp\/v2\/pages"}],"about":[{"href":"https:\/\/comautrefois.ca\/index.php\/wp-json\/wp\/v2\/types\/page"}],"author":[{"embeddable":true,"href":"https:\/\/comautrefois.ca\/index.php\/wp-json\/wp\/v2\/users\/2"}],"replies":[{"embeddable":true,"href":"https:\/\/comautrefois.ca\/index.php\/wp-json\/wp\/v2\/comments?post=191"}],"version-history":[{"count":10,"href":"https:\/\/comautrefois.ca\/index.php\/wp-json\/wp\/v2\/pages\/191\/revisions"}],"predecessor-version":[{"id":263,"href":"https:\/\/comautrefois.ca\/index.php\/wp-json\/wp\/v2\/pages\/191\/revisions\/263"}],"wp:featuredmedia":[{"embeddable":true,"href":"https:\/\/comautrefois.ca\/index.php\/wp-json\/wp\/v2\/media\/60"}],"wp:attachment":[{"href":"https:\/\/comautrefois.ca\/index.php\/wp-json\/wp\/v2\/media?parent=191"}],"curies":[{"name":"wp","href":"https:\/\/api.w.org\/{rel}","templated":true}]}}